{"id":1350,"date":"2017-12-07T13:05:06","date_gmt":"2017-12-07T12:05:06","guid":{"rendered":"https:\/\/muzej-oldtimera-presecki.hr\/w\/?page_id=1350"},"modified":"2017-12-07T13:14:07","modified_gmt":"2017-12-07T12:14:07","slug":"restauracija-copy-copy","status":"publish","type":"page","link":"https:\/\/muzej-oldtimera-presecki.hr\/w\/about\/restauracija-copy-copy\/","title":{"rendered":"Najam vozila"},"content":{"rendered":"<\/div><\/div><\/div><!-- close content main div --><\/div><\/div><div id='av_section_1' class='avia-section main_color avia-section-large avia-no-border-styling avia-bg-style-scroll   container_wrap sidebar_right' style = 'background-color: #444444; '  ><div class='container' ><div class='template-page content  av-content-small alpha units'><div class='post-entry post-entry-type-page post-entry-1350'><div class='entry-content-wrapper clearfix'>\n<div style='padding-bottom:30px;color:#ffffff;font-size:70px;' class='av-special-heading av-special-heading-h1 custom-color-heading blockquote modern-quote   av-thin-font av-inherit-size '><h1 class='av-special-heading-tag '  itemprop=\"headline\"  >Najam vozila<strong>.<\/strong><\/h1><div class='special-heading-border'><div class='special-heading-inner-border' style='border-color:#ffffff'><\/div><\/div><\/div>\n<div class=\"flex_column av_one_half  flex_column_div av-zero-column-padding first  \" style='border-radius:0px; '><section class=\"av_textblock_section \"  itemscope=\"itemscope\" itemtype=\"https:\/\/schema.org\/CreativeWork\" ><div class='avia_textblock  av_inherit_color '  style='color:#ffffff; '  itemprop=\"text\" ><p>Kod nas mo\u017eete unajmiti vrhunsku starodobnu limuzinu i njome uveli\u010dati svoja vjen\u010danja ili druge prigode\u2026<\/p>\n<\/div><\/section><\/div><div class=\"flex_column av_one_half  flex_column_div av-zero-column-padding   \" style='border-radius:0px; '><section class=\"av_textblock_section \"  itemscope=\"itemscope\" itemtype=\"https:\/\/schema.org\/CreativeWork\" ><div class='avia_textblock  av_inherit_color '  style='color:#ffffff; '  itemprop=\"text\" ><\/div><\/section><\/div><\/div><\/div><\/div><!-- close content main div --><\/div><\/div><div id='after_section_1' class='main_color av_default_container_wrap container_wrap sidebar_right'   ><div class='container' ><div class='template-page content  av-content-small alpha units'><div class='post-entry post-entry-type-page post-entry-1350'><div class='entry-content-wrapper clearfix'><\/div><\/div><\/div><!-- close content main div --><\/div><\/div><div id='av_section_2' class='avia-section main_color avia-section-default avia-no-border-styling avia-bg-style-scroll   container_wrap sidebar_right' style = 'background-color: #444444; '  ><div class='container' ><div class='template-page content  av-content-small alpha units'><div class='post-entry post-entry-type-page post-entry-1350'><div class='entry-content-wrapper clearfix'>\n<div class='sort_width_container  av-sort-yes' data-portfolio-id='1' ><div id='js_sort_items' ><div class='sort_by_cat hidden '><a href=\"#\" data-filter=\"all_sort\" class=\"all_sort_button active_sort\"><span class=\"inner_sort_button\"><span>All<\/span><small class=\"av-cat-count\"> 5 <\/small><\/span><\/a><span class='text-sep najam-vozila_sort_sep'>\/<\/span><a href=\"#\" data-filter=\"najam-vozila_sort\" class=\"najam-vozila_sort_button\" ><span class=\"inner_sort_button\"><span>Najam vozila<\/span><small class='av-cat-count'> 5 <\/small><\/span><\/a><\/div><\/div><\/div><div class=' grid-sort-container isotope   no_margin-container with-excerpt-container grid-total-odd grid-col-3 grid-links-' data-portfolio-id='1'><div data-ajax-id='1650' class=' grid-entry flex_column isotope-item all_sort no_margin post-entry post-entry-1650 grid-entry-overview grid-loop-1 grid-parity-odd  najam-vozila_sort  av_one_third first default_av_fullwidth '><article class='main_color inner-entry'  itemscope=\"itemscope\" itemtype=\"https:\/\/schema.org\/CreativeWork\" ><a href='https:\/\/muzej-oldtimera-presecki.hr\/w\/portfolio-item\/jaguarss\/' title='Suffolk Jaguar SS100'  data-rel='grid-1' class='grid-image avia-hover-fx'><img width=\"495\" height=\"400\" src=\"https:\/\/muzej-oldtimera-presecki.hr\/w\/wp-content\/uploads\/2023\/05\/20230508_144629-01-495x400.jpg\" class=\"attachment-portfolio size-portfolio wp-post-image\" alt=\"\" loading=\"lazy\" srcset=\"https:\/\/muzej-oldtimera-presecki.hr\/w\/wp-content\/uploads\/2023\/05\/20230508_144629-01-495x400.jpg 495w, https:\/\/muzej-oldtimera-presecki.hr\/w\/wp-content\/uploads\/2023\/05\/20230508_144629-01-845x684.jpg 845w\" sizes=\"(max-width: 495px) 100vw, 495px\" \/><\/a><div class='grid-content'><div class='avia-arrow'><\/div><header class=\"entry-content-header\"><h3 class='grid-entry-title entry-title'  itemprop=\"headline\" ><a href='https:\/\/muzej-oldtimera-presecki.hr\/w\/portfolio-item\/jaguarss\/' title='Suffolk Jaguar SS100'>Suffolk Jaguar SS100<\/a><\/h3><\/header><\/div><footer class=\"entry-footer\"><\/footer><\/article><\/div><div data-ajax-id='1644' class=' grid-entry flex_column isotope-item all_sort no_margin post-entry post-entry-1644 grid-entry-overview grid-loop-2 grid-parity-even  najam-vozila_sort  av_one_third  default_av_fullwidth '><article class='main_color inner-entry'  itemscope=\"itemscope\" itemtype=\"https:\/\/schema.org\/CreativeWork\" ><a href='https:\/\/muzej-oldtimera-presecki.hr\/w\/portfolio-item\/morgan\/' title='Morgan 4\/4'  data-rel='grid-1' class='grid-image avia-hover-fx'><img width=\"495\" height=\"400\" src=\"https:\/\/muzej-oldtimera-presecki.hr\/w\/wp-content\/uploads\/2023\/05\/20230508_144511-01-495x400.jpg\" class=\"attachment-portfolio size-portfolio wp-post-image\" alt=\"\" loading=\"lazy\" srcset=\"https:\/\/muzej-oldtimera-presecki.hr\/w\/wp-content\/uploads\/2023\/05\/20230508_144511-01-495x400.jpg 495w, https:\/\/muzej-oldtimera-presecki.hr\/w\/wp-content\/uploads\/2023\/05\/20230508_144511-01-845x684.jpg 845w\" sizes=\"(max-width: 495px) 100vw, 495px\" \/><\/a><div class='grid-content'><div class='avia-arrow'><\/div><header class=\"entry-content-header\"><h3 class='grid-entry-title entry-title'  itemprop=\"headline\" ><a href='https:\/\/muzej-oldtimera-presecki.hr\/w\/portfolio-item\/morgan\/' title='Morgan 4\/4'>Morgan 4\/4<\/a><\/h3><\/header><\/div><footer class=\"entry-footer\"><\/footer><\/article><\/div><div data-ajax-id='1637' class=' grid-entry flex_column isotope-item all_sort no_margin post-entry post-entry-1637 grid-entry-overview grid-loop-3 grid-parity-odd  najam-vozila_sort  av_one_third  default_av_fullwidth '><article class='main_color inner-entry'  itemscope=\"itemscope\" itemtype=\"https:\/\/schema.org\/CreativeWork\" ><a href='https:\/\/muzej-oldtimera-presecki.hr\/w\/portfolio-item\/mb170s\/' title='Mercedes Benz 170 S Cabriolet'  data-rel='grid-1' class='grid-image avia-hover-fx'><img width=\"495\" height=\"400\" src=\"https:\/\/muzej-oldtimera-presecki.hr\/w\/wp-content\/uploads\/2023\/05\/20230508_141828-01-495x400.jpg\" class=\"attachment-portfolio size-portfolio wp-post-image\" alt=\"\" loading=\"lazy\" srcset=\"https:\/\/muzej-oldtimera-presecki.hr\/w\/wp-content\/uploads\/2023\/05\/20230508_141828-01-495x400.jpg 495w, https:\/\/muzej-oldtimera-presecki.hr\/w\/wp-content\/uploads\/2023\/05\/20230508_141828-01-845x684.jpg 845w\" sizes=\"(max-width: 495px) 100vw, 495px\" \/><\/a><div class='grid-content'><div class='avia-arrow'><\/div><header class=\"entry-content-header\"><h3 class='grid-entry-title entry-title'  itemprop=\"headline\" ><a href='https:\/\/muzej-oldtimera-presecki.hr\/w\/portfolio-item\/mb170s\/' title='Mercedes Benz 170 S Cabriolet'>Mercedes Benz 170 S Cabriolet<\/a><\/h3><\/header><\/div><footer class=\"entry-footer\"><\/footer><\/article><\/div><div data-ajax-id='1629' class=' grid-entry flex_column isotope-item all_sort no_margin post-entry post-entry-1629 grid-entry-overview grid-loop-4 grid-parity-even  najam-vozila_sort  av_one_third first default_av_fullwidth '><article class='main_color inner-entry'  itemscope=\"itemscope\" itemtype=\"https:\/\/schema.org\/CreativeWork\" ><a href='https:\/\/muzej-oldtimera-presecki.hr\/w\/portfolio-item\/oakland\/' title='Oakland True Blue Six'  data-rel='grid-1' class='grid-image avia-hover-fx'><img width=\"495\" height=\"400\" src=\"https:\/\/muzej-oldtimera-presecki.hr\/w\/wp-content\/uploads\/2023\/05\/20230508_135254-01-495x400.jpg\" class=\"attachment-portfolio size-portfolio wp-post-image\" alt=\"\" loading=\"lazy\" srcset=\"https:\/\/muzej-oldtimera-presecki.hr\/w\/wp-content\/uploads\/2023\/05\/20230508_135254-01-495x400.jpg 495w, https:\/\/muzej-oldtimera-presecki.hr\/w\/wp-content\/uploads\/2023\/05\/20230508_135254-01-845x684.jpg 845w\" sizes=\"(max-width: 495px) 100vw, 495px\" \/><\/a><div class='grid-content'><div class='avia-arrow'><\/div><header class=\"entry-content-header\"><h3 class='grid-entry-title entry-title'  itemprop=\"headline\" ><a href='https:\/\/muzej-oldtimera-presecki.hr\/w\/portfolio-item\/oakland\/' title='Oakland True Blue Six'>Oakland True Blue Six<\/a><\/h3><\/header><\/div><footer class=\"entry-footer\"><\/footer><\/article><\/div><div data-ajax-id='1338' class=' grid-entry flex_column isotope-item all_sort no_margin post-entry post-entry-1338 grid-entry-overview grid-loop-5 grid-parity-odd  post-entry-last  najam-vozila_sort  av_one_third  default_av_fullwidth '><article class='main_color inner-entry'  itemscope=\"itemscope\" itemtype=\"https:\/\/schema.org\/CreativeWork\" ><a href='https:\/\/muzej-oldtimera-presecki.hr\/w\/portfolio-item\/mb190d-2\/' title='Mercedes 190D'  data-rel='grid-1' class='grid-image avia-hover-fx'><img width=\"495\" height=\"400\" src=\"https:\/\/muzej-oldtimera-presecki.hr\/w\/wp-content\/uploads\/2017\/12\/MG_4166-495x400.jpg\" class=\"attachment-portfolio size-portfolio wp-post-image\" alt=\"\" loading=\"lazy\" srcset=\"https:\/\/muzej-oldtimera-presecki.hr\/w\/wp-content\/uploads\/2017\/12\/MG_4166-495x400.jpg 495w, https:\/\/muzej-oldtimera-presecki.hr\/w\/wp-content\/uploads\/2017\/12\/MG_4166-845x684.jpg 845w\" sizes=\"(max-width: 495px) 100vw, 495px\" \/><\/a><div class='grid-content'><div class='avia-arrow'><\/div><header class=\"entry-content-header\"><h3 class='grid-entry-title entry-title'  itemprop=\"headline\" ><a href='https:\/\/muzej-oldtimera-presecki.hr\/w\/portfolio-item\/mb190d-2\/' title='Mercedes 190D'>Mercedes 190D<\/a><\/h3><\/header><\/div><footer class=\"entry-footer\"><\/footer><\/article><\/div><\/div>\n<\/div><\/div><\/div><!-- close content main div --><\/div><\/div><div id='after_section_2' class='main_color av_default_container_wrap container_wrap sidebar_right'   ><div class='container' ><div class='template-page content  av-content-small alpha units'><div class='post-entry post-entry-type-page post-entry-1350'><div class='entry-content-wrapper clearfix'><\/p>\n","protected":false},"excerpt":{"rendered":"","protected":false},"author":2,"featured_media":0,"parent":515,"menu_order":0,"comment_status":"closed","ping_status":"closed","template":"","meta":[],"_links":{"self":[{"href":"https:\/\/muzej-oldtimera-presecki.hr\/w\/wp-json\/wp\/v2\/pages\/1350"}],"collection":[{"href":"https:\/\/muzej-oldtimera-presecki.hr\/w\/wp-json\/wp\/v2\/pages"}],"about":[{"href":"https:\/\/muzej-oldtimera-presecki.hr\/w\/wp-json\/wp\/v2\/types\/page"}],"author":[{"embeddable":true,"href":"https:\/\/muzej-oldtimera-presecki.hr\/w\/wp-json\/wp\/v2\/users\/2"}],"replies":[{"embeddable":true,"href":"https:\/\/muzej-oldtimera-presecki.hr\/w\/wp-json\/wp\/v2\/comments?post=1350"}],"version-history":[{"count":3,"href":"https:\/\/muzej-oldtimera-presecki.hr\/w\/wp-json\/wp\/v2\/pages\/1350\/revisions"}],"predecessor-version":[{"id":1357,"href":"https:\/\/muzej-oldtimera-presecki.hr\/w\/wp-json\/wp\/v2\/pages\/1350\/revisions\/1357"}],"up":[{"embeddable":true,"href":"https:\/\/muzej-oldtimera-presecki.hr\/w\/wp-json\/wp\/v2\/pages\/515"}],"wp:attachment":[{"href":"https:\/\/muzej-oldtimera-presecki.hr\/w\/wp-json\/wp\/v2\/media?parent=1350"}],"curies":[{"name":"wp","href":"https:\/\/api.w.org\/{rel}","templated":true}]}}