{"id":515,"date":"2016-05-11T13:49:10","date_gmt":"2016-05-11T13:49:10","guid":{"rendered":"http:\/\/wpoffice\/enfold-fitness\/?page_id=515"},"modified":"2020-05-15T10:02:24","modified_gmt":"2020-05-15T09:02:24","slug":"about","status":"publish","type":"page","link":"https:\/\/muzej-oldtimera-presecki.hr\/w\/","title":{"rendered":"o muzeju"},"content":{"rendered":"<\/div><\/div><\/div><!-- close content main div --><\/div><\/div><div id='av_section_1' class='avia-section main_color avia-section-large avia-no-border-styling avia-full-stretch avia-bg-style-fixed   av-minimum-height av-minimum-height-100 container_wrap sidebar_right' style = 'background-repeat: no-repeat; background-image: url(https:\/\/muzej-oldtimera-presecki.hr\/w\/wp-content\/uploads\/2017\/11\/IMG_6906.jpg); background-attachment: fixed; background-position: center center; ' data-section-bg-repeat='stretch' ><div class='av-section-color-overlay-wrap'><a href='#next-section' title='' class='scroll-down-link' aria-hidden='true' data-av_icon='\ue877' data-av_iconfont='entypo-fontello'><\/a><div class='container' ><div class='template-page content  av-content-small alpha units'><div class='post-entry post-entry-type-page post-entry-515'><div class='entry-content-wrapper clearfix'>\n<div style='padding-bottom:30px;color:#ffffff;font-size:70px;' class='av-special-heading av-special-heading-h1 custom-color-heading blockquote modern-quote   av-thin-font av-inherit-size '><h1 class='av-special-heading-tag '  itemprop=\"headline\"  >o muzeju<strong>.<\/strong><\/h1><div class='special-heading-border'><div class='special-heading-inner-border' style='border-color:#ffffff'><\/div><\/div><\/div>\n<div class=\"flex_column av_one_half  flex_column_div first  \" style='padding:20px; background-color:rgba(10,10,10,0.63); border-radius:0px; '><section class=\"av_textblock_section \"  itemscope=\"itemscope\" itemtype=\"https:\/\/schema.org\/CreativeWork\" ><div class='avia_textblock  av_inherit_color '  style='color:#ffffff; '  itemprop=\"text\" ><h1 style=\"text-align: center\"><\/h1>\n<p>Vi\u0161e od 25 godina predanog sakupljanja\u00a0i restauracije starodobnih vozila sa\u017eeto je i\u00a0prezentirano javnosti na 1100 kvadratnih metara izlo\u017ebenog\u00a0prostora gdje posjetitelji mogu uroniti u povijest\u00a0automobilisti\u010dke i motociklisti\u010dke kulture.\u00a0Muzej je istodobno spoj entuzijazma i\u00a0profesionalno odra\u0111ene poslovne nadogradnje\u00a0&#8211; kao rezultat toga nastao je jedinstveni\u00a0objekt specijaliziran za automobilsko naslje\u0111e\u00a0i prezentaciju povijesti automobilizma i\u00a0motociklizma.<\/p>\n<p>Tu je smje\u0161teno preko dvadeset automobila\u00a0i vi\u0161e od \u0161ezdeset motocikala. Najzna\u010dajnije\u00a0izlo\u0161ke predstavljaju automobili iz 50-ih, 60-ih\u00a0i 70-ih godina 20. stolje\u0107a, a i ljubitelji\u00a0motocikala tako\u0111er ne\u0107e ostati prikra\u0107eni. U muzeju svoje\u00a0su mjesto na\u0161li i autobusi, bicikli ali i drugi artefakti\u00a0poput starih fotografija, \u010dasopisa, knjiga, plakata\u00a0i ure\u0111aja koji nam do\u010daravaju svijet oldtimera.\u00a0Posjetitelji mogu u\u017eivati u tematskim izlo\u017ebama\u00a0fotografija, radionicama, projekcijama filmova\u00a0kao i drugim prezentacijama kojima se promovira\u00a0automobilisti\u010dka i motociklisti\u010dka kultura.<\/p>\n<\/div><\/section><\/div><\/div><\/div><\/div><!-- close content main div --><\/div><\/div><\/div><div id='after_section_1' class='main_color av_default_container_wrap container_wrap sidebar_right'   ><div class='container' ><div class='template-page content  av-content-small alpha units'><div class='post-entry post-entry-type-page post-entry-515'><div class='entry-content-wrapper clearfix'><div id='av-masonry-1' class='av-masonry noHover av-fixed-size av-large-gap av-hover-overlay-active av-masonry-col-5 av-caption-always av-caption-style- av-masonry-gallery     ' style='background-color:#191919; ' ><div class='av-masonry-container isotope av-js-disabled ' ><div class='av-masonry-entry isotope-item av-masonry-item-no-image '><\/div><a href=\"https:\/\/muzej-oldtimera-presecki.hr\/w\/wp-content\/uploads\/2017\/11\/IMG_6746-720x1024.jpg\" id='av-masonry-1-item-770' data-av-masonry-item='770' class='av-masonry-entry isotope-item post-770 attachment type-attachment status-inherit hentry  av-masonry-item-with-image' title=\"\"  itemprop=\"thumbnailUrl\" ><div class='av-inner-masonry-sizer'><\/div><figure class='av-inner-masonry main_color'><div class=\"av-masonry-outerimage-container\"><div class=\"av-masonry-image-container\" style=\"background-image: url(https:\/\/muzej-oldtimera-presecki.hr\/w\/wp-content\/uploads\/2017\/11\/IMG_6746-496x705.jpg);\"><img src=\"https:\/\/muzej-oldtimera-presecki.hr\/w\/wp-content\/uploads\/2017\/11\/IMG_6746-496x705.jpg\" title=\"IMG_6746\" alt=\"\" \/><\/div><\/div><\/figure><\/a><!--end av-masonry entry--><a href=\"https:\/\/muzej-oldtimera-presecki.hr\/w\/wp-content\/uploads\/2017\/11\/IMG_6828-1024x684.jpg\" id='av-masonry-1-item-776' data-av-masonry-item='776' class='av-masonry-entry isotope-item post-776 attachment type-attachment status-inherit hentry  av-masonry-item-with-image' title=\"\"  itemprop=\"thumbnailUrl\" ><div class='av-inner-masonry-sizer'><\/div><figure class='av-inner-masonry main_color'><div class=\"av-masonry-outerimage-container\"><div class=\"av-masonry-image-container\" style=\"background-image: url(https:\/\/muzej-oldtimera-presecki.hr\/w\/wp-content\/uploads\/2017\/11\/IMG_6828-705x471.jpg);\"><img src=\"https:\/\/muzej-oldtimera-presecki.hr\/w\/wp-content\/uploads\/2017\/11\/IMG_6828-705x471.jpg\" title=\"IMG_6828\" alt=\"\" \/><\/div><\/div><\/figure><\/a><!--end av-masonry entry--><a href=\"https:\/\/muzej-oldtimera-presecki.hr\/w\/wp-content\/uploads\/2017\/11\/IMG_6768-1024x723.jpg\" id='av-masonry-1-item-778' data-av-masonry-item='778' class='av-masonry-entry isotope-item post-778 attachment type-attachment status-inherit hentry  av-masonry-item-with-image' title=\"\"  itemprop=\"thumbnailUrl\" ><div class='av-inner-masonry-sizer'><\/div><figure class='av-inner-masonry main_color'><div class=\"av-masonry-outerimage-container\"><div class=\"av-masonry-image-container\" style=\"background-image: url(https:\/\/muzej-oldtimera-presecki.hr\/w\/wp-content\/uploads\/2017\/11\/IMG_6768-705x498.jpg);\"><img src=\"https:\/\/muzej-oldtimera-presecki.hr\/w\/wp-content\/uploads\/2017\/11\/IMG_6768-705x498.jpg\" title=\"IMG_6768\" alt=\"\" \/><\/div><\/div><\/figure><\/a><!--end av-masonry entry--><a href=\"https:\/\/muzej-oldtimera-presecki.hr\/w\/wp-content\/uploads\/2017\/11\/IMG_6840-1024x684.jpg\" id='av-masonry-1-item-808' data-av-masonry-item='808' class='av-masonry-entry isotope-item post-808 attachment type-attachment status-inherit hentry  av-masonry-item-with-image' title=\"\"  itemprop=\"thumbnailUrl\" ><div class='av-inner-masonry-sizer'><\/div><figure class='av-inner-masonry main_color'><div class=\"av-masonry-outerimage-container\"><div class=\"av-masonry-image-container\" style=\"background-image: url(https:\/\/muzej-oldtimera-presecki.hr\/w\/wp-content\/uploads\/2017\/11\/IMG_6840-705x471.jpg);\"><img src=\"https:\/\/muzej-oldtimera-presecki.hr\/w\/wp-content\/uploads\/2017\/11\/IMG_6840-705x471.jpg\" title=\"IMG_6840\" alt=\"\" \/><\/div><\/div><\/figure><\/a><!--end av-masonry entry--><a href=\"https:\/\/muzej-oldtimera-presecki.hr\/w\/wp-content\/uploads\/2017\/11\/IMG_6804-1024x684.jpg\" id='av-masonry-1-item-806' data-av-masonry-item='806' class='av-masonry-entry isotope-item post-806 attachment type-attachment status-inherit hentry  av-masonry-item-with-image' title=\"\"  itemprop=\"thumbnailUrl\" ><div class='av-inner-masonry-sizer'><\/div><figure class='av-inner-masonry main_color'><div class=\"av-masonry-outerimage-container\"><div class=\"av-masonry-image-container\" style=\"background-image: url(https:\/\/muzej-oldtimera-presecki.hr\/w\/wp-content\/uploads\/2017\/11\/IMG_6804-705x471.jpg);\"><img src=\"https:\/\/muzej-oldtimera-presecki.hr\/w\/wp-content\/uploads\/2017\/11\/IMG_6804-705x471.jpg\" title=\"IMG_6804\" alt=\"\" \/><\/div><\/div><\/figure><\/a><!--end av-masonry entry--><\/div><\/div><\/p>\n<\/div><\/div><\/div><!-- close content main div --><\/div><\/div><div id='av-layout-grid-1' class='av-layout-grid-container entry-content-wrapper alternate_color av-flex-cells    container_wrap sidebar_right'   >\n<div class=\"flex_cell no_margin av_one_half   avia-full-stretch av-zero-padding \" style='background-image:url(https:\/\/muzej-oldtimera-presecki.hr\/w\/wp-content\/uploads\/2017\/11\/IMG_5379.jpg); background-position:center right; background-repeat:no-repeat; background-attachment:scroll; vertical-align:middle; padding:0px; '><div class='flex_cell_inner' ><\/div><\/div><div class=\"flex_cell no_margin av_one_half   \" style='vertical-align:middle; padding:100px; '><div class='flex_cell_inner' ><p><div style='padding-bottom:20px;font-size:50px;' class='av-special-heading av-special-heading-h1  blockquote modern-quote   av-thin-font av-inherit-size '><h1 class='av-special-heading-tag '  itemprop=\"headline\"  >kako je po\u010delo<strong>&#8230;<\/strong><\/h1><div class='special-heading-border'><div class='special-heading-inner-border' ><\/div><\/div><\/div><br \/>\n<section class=\"av_textblock_section \"  itemscope=\"itemscope\" itemtype=\"https:\/\/schema.org\/CreativeWork\" ><div class='avia_textblock  '   itemprop=\"text\" ><p>Muzej oldtimera Prese\u010dki ostvarenje je nekada\u0161njeg sna njegova idejnog tvorca &#8211;\u00a0Antuna Prese\u010dkog, strastvenog zaljubljenika\u00a0u starodobna vozila. Otvaranjem muzeja\u00a0dosanjan je dje\u010da\u010dki san koji je usnuo omamljen\u00a0benzinskim parama motocikla koji danas\u00a0predstavlja izlo\u017eak s posebnim mjestom u\u00a0muzeju.<\/p>\n<\/div><\/section><\/p>\n<\/div><\/div>\n<\/div>\n<\/div><\/div><\/div><!-- close content main div --><\/div><\/div><div id='av_section_2' class='avia-section alternate_color avia-section-huge avia-no-border-styling avia-full-stretch av-section-color-overlay-active avia-bg-style-fixed   container_wrap sidebar_right' style = 'background-repeat: no-repeat; background-image: url(https:\/\/muzej-oldtimera-presecki.hr\/w\/wp-content\/uploads\/2017\/11\/IMG_5586.jpg); background-attachment: fixed; background-position: center center; ' data-section-bg-repeat='stretch' ><div class='av-section-color-overlay-wrap'><div class='av-section-color-overlay' style='opacity: 0.6; background-color: #000000; '><\/div><div class='container' ><div class='template-page content  av-content-small alpha units'><div class='post-entry post-entry-type-page post-entry-515'><div class='entry-content-wrapper clearfix'>\n<div class=\"flex_column av_one_fifth  flex_column_div av-zero-column-padding first  \" style='border-radius:0px; '><\/div><div class=\"flex_column av_three_fifth  flex_column_div av-zero-column-padding   \" style='border-radius:0px; '><p><div style='padding-bottom:20px;color:#ffffff;font-size:50px;' class='av-special-heading av-special-heading-h1 custom-color-heading blockquote modern-quote modern-centered   av-thin-font av-inherit-size '><h1 class='av-special-heading-tag '  itemprop=\"headline\"  >za budu\u0107nost<strong>.<\/strong><\/h1><div class='special-heading-border'><div class='special-heading-inner-border' style='border-color:#ffffff'><\/div><\/div><\/div><br \/>\n<section class=\"av_textblock_section \"  itemscope=\"itemscope\" itemtype=\"https:\/\/schema.org\/CreativeWork\" ><div class='avia_textblock  '   itemprop=\"text\" ><p style=\"text-align: center\">Cilj je ovog muzeja profilirati se kao moderna\u00a0muzejska institucija, prepoznata kako lokalno\u00a0tako i van granica Hrvatske, koja naj\u0161iru javnost\u00a0upoznaje s povije\u0161\u0107u ovog va\u017enog aspekta\u00a0tehni\u010dke kulture.<\/p>\n<\/div><\/section><\/p><\/div><div class=\"flex_column av_one_fifth  flex_column_div av-zero-column-padding   \" style='border-radius:0px; '><\/div>\n<\/div><\/div><\/div><!-- close content main div --><\/div><\/div><\/div><div id='after_section_2' class='main_color av_default_container_wrap container_wrap sidebar_right'   ><div class='container' ><div class='template-page content  av-content-small alpha units'><div class='post-entry post-entry-type-page post-entry-515'><div class='entry-content-wrapper clearfix'>\n<\/div><\/div><\/div><!-- close content main div --><\/div><\/div><div id='av-layout-grid-2' class='av-layout-grid-container entry-content-wrapper main_color av-flex-cells    container_wrap sidebar_right'   >\n<div class=\"flex_cell no_margin av_one_third   avia-full-stretch \" style='vertical-align:middle; padding:50px; background-color:#ffffff; '><div class='flex_cell_inner' ><div style='color:#0a0a0a' class=\"avia-animated-number av-force-default-color  avia-color-font-custom  avia_animate_when_visible\" style='color:#0a0a0a'><strong class=\"heading avia-animated-number-title\" style='font-size:50px'><span class=\"avia-single-number __av-single-number\" data-number=\"20\">20<\/span><span class=\"avia-no-number\"> +<\/span><\/strong><div class='avia-animated-number-content' style='font-size:22px'><p>Automobila<\/p>\n<\/div><\/div>\n<\/div><\/div><div class=\"flex_cell no_margin av_one_third   avia-full-stretch \" style='vertical-align:middle; padding:50px 50px 50px 50px ; background-color:#292929; '><div class='flex_cell_inner' ><div style='color:#ffffff' class=\"avia-animated-number av-force-default-color  avia-color-font-custom  avia_animate_when_visible\" style='color:#ffffff'><strong class=\"heading avia-animated-number-title\" style='font-size:50px'><span class=\"avia-single-number __av-single-number\" data-number=\"60\">60<\/span><span class=\"avia-no-number\"> +<\/span><\/strong><div class='avia-animated-number-content' style='font-size:22px'><p>Motocikala<\/p>\n<\/div><\/div>\n<\/div><\/div><div class=\"flex_cell no_margin av_one_third   avia-full-stretch \" style='vertical-align:middle; padding:50px 50px 50px 50px ; background-color:#3c3c3c; '><div class='flex_cell_inner' ><div style='color:#ffffff' class=\"avia-animated-number av-force-default-color  avia-color-font-custom  avia_animate_when_visible\" style='color:#ffffff'><strong class=\"heading avia-animated-number-title\" style='font-size:50px'><span class=\"avia-single-number __av-single-number\" data-number=\"25\">25<\/span><span class=\"avia-no-number\"> +<\/span><\/strong><div class='avia-animated-number-content' style='font-size:22px'><p>Godina sakupljanja<\/p>\n<\/div><\/div>\n<\/div><\/div>\n<\/div>\n","protected":false},"excerpt":{"rendered":"","protected":false},"author":1,"featured_media":0,"parent":0,"menu_order":0,"comment_status":"closed","ping_status":"closed","template":"","meta":[],"_links":{"self":[{"href":"https:\/\/muzej-oldtimera-presecki.hr\/w\/wp-json\/wp\/v2\/pages\/515"}],"collection":[{"href":"https:\/\/muzej-oldtimera-presecki.hr\/w\/wp-json\/wp\/v2\/pages"}],"about":[{"href":"https:\/\/muzej-oldtimera-presecki.hr\/w\/wp-json\/wp\/v2\/types\/page"}],"author":[{"embeddable":true,"href":"https:\/\/muzej-oldtimera-presecki.hr\/w\/wp-json\/wp\/v2\/users\/1"}],"replies":[{"embeddable":true,"href":"https:\/\/muzej-oldtimera-presecki.hr\/w\/wp-json\/wp\/v2\/comments?post=515"}],"version-history":[{"count":40,"href":"https:\/\/muzej-oldtimera-presecki.hr\/w\/wp-json\/wp\/v2\/pages\/515\/revisions"}],"predecessor-version":[{"id":1547,"href":"https:\/\/muzej-oldtimera-presecki.hr\/w\/wp-json\/wp\/v2\/pages\/515\/revisions\/1547"}],"wp:attachment":[{"href":"https:\/\/muzej-oldtimera-presecki.hr\/w\/wp-json\/wp\/v2\/media?parent=515"}],"curies":[{"name":"wp","href":"https:\/\/api.w.org\/{rel}","templated":true}]}}